{"id":4664,"date":"2021-08-26T04:18:54","date_gmt":"2021-08-26T04:18:54","guid":{"rendered":"https:\/\/highway-coffeeshop.com\/our-pricing\/"},"modified":"2024-01-15T22:35:43","modified_gmt":"2024-01-15T21:35:43","slug":"verein-highwalkers","status":"publish","type":"page","link":"https:\/\/highway-coffeeshop.com\/about\/verein-highwalkers\/","title":{"rendered":"Verein Highwalkers"},"content":{"rendered":"\t\t<div data-elementor-type=\"wp-page\" data-elementor-id=\"4664\" class=\"elementor elementor-4664\">\n\t\t\t\t\t\t<section class=\"elementor-section elementor-top-section elementor-element elementor-element-6c8cc78 elementor-section-content-middle elementor-section-boxed elementor-section-height-default elementor-section-height-default\" data-id=\"6c8cc78\" data-element_type=\"section\">\n\t\t\t\t\t\t<div class=\"elementor-container elementor-column-gap-default\">\n\t\t\t\t\t<div class=\"elementor-column elementor-col-100 elementor-top-column elementor-element elementor-element-edd7b6a\" data-id=\"edd7b6a\" data-element_type=\"column\">\n\t\t\t<div class=\"elementor-widget-wrap elementor-element-populated\">\n\t\t\t\t\t\t<div class=\"elementor-element elementor-element-a053ad7 elementor-widget elementor-widget-text-editor\" data-id=\"a053ad7\" data-element_type=\"widget\" data-widget_type=\"text-editor.default\">\n\t\t\t\t<div class=\"elementor-widget-container\">\n\t\t\t\t\t\t\t\t\t<p style=\"text-align: center;\">Was uns von anderen Gesch\u00e4ften unterscheidet, ist unser exklusives Vereinslokal, welches nur Mitgliedern vorbehalten ist. Hier k\u00f6nnen Sie in einer gro\u00dfz\u00fcgigen Lounge in zwei Stockwerken entspannen, w\u00e4hrend Sie Ihre Lieblings-Cannabis-Produkte genie\u00dfen. Das gem\u00fctliche Ambiente bietet den perfekten Ort, um sich mit Freunden zu treffen oder einfach nur eine Auszeit vom Alltag zu nehmen.<\/p><p>Unser Verein unterst\u00fctzt auch Kunst und Musik, und wir sind stolz darauf, Veranstaltungen zu organisieren, die talentierten K\u00fcnstlern und Musikern eine Plattform bieten. Die Verbindung zwischen Cannabis, Kunst und Musik schafft eine einzigartige Atmosph\u00e4re, die unsere Besucher immer wieder aufs Neue inspiriert.<\/p><p>Wir m\u00f6chten uns herzlich bei all unseren treuen Kunden bedanken, die uns in den letzten f\u00fcnf Jahren begleitet haben. Dank Ihrer Unterst\u00fctzung wachsen und entwickeln wir uns st\u00e4ndig weiter. Unser Ziel ist es, Ihnen das bestm\u00f6gliche Erlebnis zu bieten und gleichzeitig einen Ort zu schaffen, an dem Sie sich willkommen und wohl f\u00fchlen.<\/p><h2 style=\"text-align: center;\"><b>\u00d6ffnungszeiten des Vereinslokals<\/b><\/h2><div><b>\u00a0<\/b><\/div><h4 style=\"text-align: center;\"><b>Montag bis Samstag<\/b><\/h4><h2 style=\"text-align: center;\"><b> 16.oo \u2013 22.00 Uhr\u00a0<\/b><\/h2><h4 style=\"text-align: center;\"><b>Sonntag<\/b><\/h4><h2 style=\"text-align: center;\"><b> geschlossen\u00a0<\/b><\/h2><div><b>\u00a0<\/b><\/div><h4 style=\"text-align: center;\"><b>Hier findest du uns<\/b><\/h4><h2 style=\"text-align: center;\"><b>Allschwilerstrasse 25<\/b><\/h2><h2 style=\"text-align: center;\"><b> <\/b><b>CH-4055 Basel<\/b><\/h2>\t\t\t\t\t\t\t\t<\/div>\n\t\t\t\t<\/div>\n\t\t\t\t<div class=\"elementor-element elementor-element-08515da elementor-widget elementor-widget-image\" data-id=\"08515da\" data-element_type=\"widget\" data-widget_type=\"image.default\">\n\t\t\t\t<div class=\"elementor-widget-container\">\n\t\t\t\t\t\t\t\t\t\t\t\t\t\t\t<img fetchpriority=\"high\" decoding=\"async\" width=\"1024\" height=\"512\" src=\"https:\/\/i0.wp.com\/highway-coffeeshop.com\/wp-content\/uploads\/2021\/10\/Highwalkers-Verein-logo.png?fit=1024%2C512&amp;ssl=1\" class=\"attachment-large size-large wp-image-4990\" alt=\"\" srcset=\"https:\/\/i0.wp.com\/highway-coffeeshop.com\/wp-content\/uploads\/2021\/10\/Highwalkers-Verein-logo.png?w=2048&amp;ssl=1 2048w, https:\/\/i0.wp.com\/highway-coffeeshop.com\/wp-content\/uploads\/2021\/10\/Highwalkers-Verein-logo.png?resize=300%2C150&amp;ssl=1 300w, https:\/\/i0.wp.com\/highway-coffeeshop.com\/wp-content\/uploads\/2021\/10\/Highwalkers-Verein-logo.png?resize=1024%2C512&amp;ssl=1 1024w, https:\/\/i0.wp.com\/highway-coffeeshop.com\/wp-content\/uploads\/2021\/10\/Highwalkers-Verein-logo.png?resize=768%2C384&amp;ssl=1 768w, https:\/\/i0.wp.com\/highway-coffeeshop.com\/wp-content\/uploads\/2021\/10\/Highwalkers-Verein-logo.png?resize=1536%2C768&amp;ssl=1 1536w, https:\/\/i0.wp.com\/highway-coffeeshop.com\/wp-content\/uploads\/2021\/10\/Highwalkers-Verein-logo.png?resize=600%2C300&amp;ssl=1 600w\" sizes=\"(max-width: 1024px) 100vw, 1024px\" \/>\t\t\t\t\t\t\t\t\t\t\t\t\t\t\t<\/div>\n\t\t\t\t<\/div>\n\t\t\t\t<div class=\"elementor-element elementor-element-3375a2b elementor-widget elementor-widget-heading\" data-id=\"3375a2b\" data-element_type=\"widget\" data-widget_type=\"heading.default\">\n\t\t\t\t<div class=\"elementor-widget-container\">\n\t\t\t\t\t<h2 class=\"elementor-heading-title elementor-size-default\"><b>Unsere Mitgliedschaftsbeitr\u00e4ge <\/b><br>ab CHF 1.90\/Tag!<\/h2>\t\t\t\t<\/div>\n\t\t\t\t<\/div>\n\t\t\t\t<div class=\"elementor-element elementor-element-0048929 elementor-widget__width-initial elementor-widget elementor-widget-accordion\" data-id=\"0048929\" data-element_type=\"widget\" data-widget_type=\"accordion.default\">\n\t\t\t\t<div class=\"elementor-widget-container\">\n\t\t\t\t\t\t\t<div class=\"elementor-accordion\">\n\t\t\t\t\t\t\t<div class=\"elementor-accordion-item\">\n\t\t\t\t\t<div id=\"elementor-tab-title-2971\" class=\"elementor-tab-title\" data-tab=\"1\" role=\"button\" aria-controls=\"elementor-tab-content-2971\" aria-expanded=\"false\">\n\t\t\t\t\t\t\t\t\t\t\t\t\t<span class=\"elementor-accordion-icon elementor-accordion-icon-right\" aria-hidden=\"true\">\n\t\t\t\t\t\t\t\t\t\t\t\t\t\t\t<span class=\"elementor-accordion-icon-closed\"><i class=\"fas fa-angle-up\"><\/i><\/span>\n\t\t\t\t\t\t\t\t<span class=\"elementor-accordion-icon-opened\"><i class=\"fas fa-angle-down\"><\/i><\/span>\n\t\t\t\t\t\t\t\t\t\t\t\t\t\t<\/span>\n\t\t\t\t\t\t\t\t\t\t\t\t<a class=\"elementor-accordion-title\" tabindex=\"0\">Tagespass<\/a>\n\t\t\t\t\t<\/div>\n\t\t\t\t\t<div id=\"elementor-tab-content-2971\" class=\"elementor-tab-content elementor-clearfix\" data-tab=\"1\" role=\"region\" aria-labelledby=\"elementor-tab-title-2971\"><h3><b>CHF 8<\/b><\/h3><h4>inklusive<\/h4><h4>1 x GRATIS GETR\u00c4NKE<\/h4><\/div>\n\t\t\t\t<\/div>\n\t\t\t\t\t\t\t<div class=\"elementor-accordion-item\">\n\t\t\t\t\t<div id=\"elementor-tab-title-2972\" class=\"elementor-tab-title\" data-tab=\"2\" role=\"button\" aria-controls=\"elementor-tab-content-2972\" aria-expanded=\"false\">\n\t\t\t\t\t\t\t\t\t\t\t\t\t<span class=\"elementor-accordion-icon elementor-accordion-icon-right\" aria-hidden=\"true\">\n\t\t\t\t\t\t\t\t\t\t\t\t\t\t\t<span class=\"elementor-accordion-icon-closed\"><i class=\"fas fa-angle-up\"><\/i><\/span>\n\t\t\t\t\t\t\t\t<span class=\"elementor-accordion-icon-opened\"><i class=\"fas fa-angle-down\"><\/i><\/span>\n\t\t\t\t\t\t\t\t\t\t\t\t\t\t<\/span>\n\t\t\t\t\t\t\t\t\t\t\t\t<a class=\"elementor-accordion-title\" tabindex=\"0\">Wochenpass<\/a>\n\t\t\t\t\t<\/div>\n\t\t\t\t\t<div id=\"elementor-tab-content-2972\" class=\"elementor-tab-content elementor-clearfix\" data-tab=\"2\" role=\"region\" aria-labelledby=\"elementor-tab-title-2972\"><h3 style=\"text-align: center;\"><b>CHF 3.30\/ pro Tag <\/b><\/h3><p style=\"text-align: center;\">bei Vorauszahlung \/Total CHF 20<\/p><h4 style=\"text-align: center;\">inklusive<\/h4><h4 style=\"text-align: center;\">3 x GRATIS GETR\u00c4NKE<\/h4><\/div>\n\t\t\t\t<\/div>\n\t\t\t\t\t\t\t<div class=\"elementor-accordion-item\">\n\t\t\t\t\t<div id=\"elementor-tab-title-2973\" class=\"elementor-tab-title\" data-tab=\"3\" role=\"button\" aria-controls=\"elementor-tab-content-2973\" aria-expanded=\"false\">\n\t\t\t\t\t\t\t\t\t\t\t\t\t<span class=\"elementor-accordion-icon elementor-accordion-icon-right\" aria-hidden=\"true\">\n\t\t\t\t\t\t\t\t\t\t\t\t\t\t\t<span class=\"elementor-accordion-icon-closed\"><i class=\"fas fa-angle-up\"><\/i><\/span>\n\t\t\t\t\t\t\t\t<span class=\"elementor-accordion-icon-opened\"><i class=\"fas fa-angle-down\"><\/i><\/span>\n\t\t\t\t\t\t\t\t\t\t\t\t\t\t<\/span>\n\t\t\t\t\t\t\t\t\t\t\t\t<a class=\"elementor-accordion-title\" tabindex=\"0\">Monatspass<\/a>\n\t\t\t\t\t<\/div>\n\t\t\t\t\t<div id=\"elementor-tab-content-2973\" class=\"elementor-tab-content elementor-clearfix\" data-tab=\"3\" role=\"region\" aria-labelledby=\"elementor-tab-title-2973\"><h3 style=\"text-align: center;\"><b>CHF 2.70\/ pro Tag <\/b><\/h3><p style=\"text-align: center;\">bei Vorauszahlung \/Total CHF 70<\/p><h4 style=\"text-align: center;\">inklusive<\/h4><h4 style=\"text-align: center;\">10 x GRATIS GETR\u00c4NKE<\/h4><\/div>\n\t\t\t\t<\/div>\n\t\t\t\t\t\t\t<div class=\"elementor-accordion-item\">\n\t\t\t\t\t<div id=\"elementor-tab-title-2974\" class=\"elementor-tab-title\" data-tab=\"4\" role=\"button\" aria-controls=\"elementor-tab-content-2974\" aria-expanded=\"false\">\n\t\t\t\t\t\t\t\t\t\t\t\t\t<span class=\"elementor-accordion-icon elementor-accordion-icon-right\" aria-hidden=\"true\">\n\t\t\t\t\t\t\t\t\t\t\t\t\t\t\t<span class=\"elementor-accordion-icon-closed\"><i class=\"fas fa-angle-up\"><\/i><\/span>\n\t\t\t\t\t\t\t\t<span class=\"elementor-accordion-icon-opened\"><i class=\"fas fa-angle-down\"><\/i><\/span>\n\t\t\t\t\t\t\t\t\t\t\t\t\t\t<\/span>\n\t\t\t\t\t\t\t\t\t\t\t\t<a class=\"elementor-accordion-title\" tabindex=\"0\">Memberpass    1 Jahr<\/a>\n\t\t\t\t\t<\/div>\n\t\t\t\t\t<div id=\"elementor-tab-content-2974\" class=\"elementor-tab-content elementor-clearfix\" data-tab=\"4\" role=\"region\" aria-labelledby=\"elementor-tab-title-2974\"><h3 style=\"text-align: center;\"><b>CHF 1.90\/ pro Tag <\/b><\/h3><p style=\"text-align: center;\">bei Vorauszahlung \/Total CHF 600<\/p><h4 style=\"text-align: center;\">inklusive<\/h4><h4 style=\"text-align: center;\">100 x GRATIS GETR\u00c4NKE &amp; 1 MYSTERYBOX<\/h4><div>\u00a0<\/div><\/div>\n\t\t\t\t<\/div>\n\t\t\t\t\t\t\t\t<\/div>\n\t\t\t\t\t\t<\/div>\n\t\t\t\t<\/div>\n\t\t\t\t<div class=\"elementor-element elementor-element-0b16801 elementor-widget elementor-widget-spacer\" data-id=\"0b16801\" data-element_type=\"widget\" data-widget_type=\"spacer.default\">\n\t\t\t\t<div class=\"elementor-widget-container\">\n\t\t\t\t\t\t\t<div class=\"elementor-spacer\">\n\t\t\t<div class=\"elementor-spacer-inner\"><\/div>\n\t\t<\/div>\n\t\t\t\t\t\t<\/div>\n\t\t\t\t<\/div>\n\t\t\t\t<div class=\"elementor-element elementor-element-dc6d291 elementor-align-center elementor-widget elementor-widget-button\" data-id=\"dc6d291\" data-element_type=\"widget\" data-widget_type=\"button.default\">\n\t\t\t\t<div class=\"elementor-widget-container\">\n\t\t\t\t\t\t\t\t\t<div class=\"elementor-button-wrapper\">\n\t\t\t\t\t<a class=\"elementor-button elementor-button-link elementor-size-lg\" href=\"https:\/\/highway-coffeeshop.com\/registration\/?profile=level\">\n\t\t\t\t\t\t<span class=\"elementor-button-content-wrapper\">\n\t\t\t\t\t\t\t\t\t<span class=\"elementor-button-text\">Jetz registrieren!<\/span>\n\t\t\t\t\t<\/span>\n\t\t\t\t\t<\/a>\n\t\t\t\t<\/div>\n\t\t\t\t\t\t\t\t<\/div>\n\t\t\t\t<\/div>\n\t\t\t\t\t<\/div>\n\t\t<\/div>\n\t\t\t\t\t<\/div>\n\t\t<\/section>\n\t\t\t\t<\/div>\n\t\t","protected":false},"excerpt":{"rendered":"<p>Was uns von anderen Gesch\u00e4ften unterscheidet, ist unser exklusives Vereinslokal, welches nur Mitgliedern vorbehalten ist. Hier k\u00f6nnen Sie in einer gro\u00dfz\u00fcgigen Lounge in zwei Stockwerken entspannen, w\u00e4hrend Sie Ihre Lieblings-Cannabis-Produkte genie\u00dfen. Das gem\u00fctliche Ambiente bietet den perfekten Ort, um sich mit Freunden zu treffen oder einfach nur eine Auszeit vom Alltag zu nehmen. Unser Verein &hellip;<\/p>\n<p class=\"read-more\"> <a class=\"\" href=\"https:\/\/highway-coffeeshop.com\/about\/verein-highwalkers\/\"> <span class=\"screen-reader-text\">Verein Highwalkers<\/span> Read More &raquo;<\/a><\/p>\n","protected":false},"author":1,"featured_media":0,"parent":0,"menu_order":0,"comment_status":"closed","ping_status":"closed","template":"","meta":{"om_disable_all_campaigns":false,"_monsterinsights_skip_tracking":false,"_monsterinsights_sitenote_active":false,"_monsterinsights_sitenote_note":"","_monsterinsights_sitenote_category":0,"spay_email":"","footnotes":""},"class_list":["post-4664","page","type-page","status-publish","hentry"],"aioseo_notices":[],"jetpack-related-posts":[{"id":96,"url":"https:\/\/highway-coffeeshop.com\/about\/","url_meta":{"origin":4664,"position":0},"title":"About","date":"June 18, 2018","format":false,"excerpt":"","rel":"","context":"Similar post","img":{"alt_text":"","src":"","width":0,"height":0},"classes":[]},{"id":5180,"url":"https:\/\/highway-coffeeshop.com\/about\/rent-us\/","url_meta":{"origin":4664,"position":1},"title":"Rent us","date":"June 5, 2023","format":false,"excerpt":"Highway Coffeeshop \u2013 Raumvermietung f\u00fcr Geburtstage, Spielabende & mehr\u00a0 zwischen Juni & September 2023\u00a0 Voraussetzung\u00a0 mind. 2 Wochen vorher reservieren via info@highway-coffeeshop.com\u00a0 Verein Highwalkers\u00a0 Allschwilerstrasse 25\u00a0 4055 Basel\u00a0 Miete f\u00fcr einen Tag ab 8.00 - max. 22 Uhr\u00a0 Obergeschoss CHF 150.--\u00a0 Erdgeschoss (inkl. Garten) CHF 200.--\u00a0 OG & EG CHF\u2026","rel":"","context":"Similar post","img":{"alt_text":"","src":"https:\/\/i0.wp.com\/highway-coffeeshop.com\/wp-content\/uploads\/2023\/06\/WhatsApp-Image-2023-06-05-at-16.01.26.jpeg?fit=900%2C1200&ssl=1&resize=350%2C200","width":350,"height":200},"classes":[]}],"_links":{"self":[{"href":"https:\/\/highway-coffeeshop.com\/about\/wp-json\/wp\/v2\/pages\/4664","targetHints":{"allow":["GET"]}}],"collection":[{"href":"https:\/\/highway-coffeeshop.com\/about\/wp-json\/wp\/v2\/pages"}],"about":[{"href":"https:\/\/highway-coffeeshop.com\/about\/wp-json\/wp\/v2\/types\/page"}],"author":[{"embeddable":true,"href":"https:\/\/highway-coffeeshop.com\/about\/wp-json\/wp\/v2\/users\/1"}],"replies":[{"embeddable":true,"href":"https:\/\/highway-coffeeshop.com\/about\/wp-json\/wp\/v2\/comments?post=4664"}],"version-history":[{"count":189,"href":"https:\/\/highway-coffeeshop.com\/about\/wp-json\/wp\/v2\/pages\/4664\/revisions"}],"predecessor-version":[{"id":5295,"href":"https:\/\/highway-coffeeshop.com\/about\/wp-json\/wp\/v2\/pages\/4664\/revisions\/5295"}],"wp:attachment":[{"href":"https:\/\/highway-coffeeshop.com\/about\/wp-json\/wp\/v2\/media?parent=4664"}],"curies":[{"name":"wp","href":"https:\/\/api.w.org\/{rel}","templated":true}]}}