{"id":4665,"date":"2021-08-26T04:18:54","date_gmt":"2021-08-26T04:18:54","guid":{"rendered":"https:\/\/highway-coffeeshop.com\/registration\/"},"modified":"2021-09-28T14:04:29","modified_gmt":"2021-09-28T14:04:29","slug":"registration","status":"publish","type":"page","link":"https:\/\/highway-coffeeshop.com\/about\/registration\/","title":{"rendered":"Registration"},"content":{"rendered":"\t\t<div data-elementor-type=\"wp-page\" data-elementor-id=\"4665\" class=\"elementor elementor-4665\">\n\t\t\t\t\t\t<section class=\"elementor-section elementor-top-section elementor-element elementor-element-9d666f9 elementor-section-boxed elementor-section-height-default elementor-section-height-default\" data-id=\"9d666f9\" data-element_type=\"section\">\n\t\t\t\t\t\t<div class=\"elementor-container elementor-column-gap-default\">\n\t\t\t\t\t<div class=\"elementor-column elementor-col-100 elementor-top-column elementor-element elementor-element-57ba870\" data-id=\"57ba870\" data-element_type=\"column\">\n\t\t\t<div class=\"elementor-widget-wrap elementor-element-populated\">\n\t\t\t\t\t\t<div class=\"elementor-element elementor-element-c405ea1 elementor-widget elementor-widget-shortcode\" data-id=\"c405ea1\" data-element_type=\"widget\" data-widget_type=\"shortcode.default\">\n\t\t\t\t<div class=\"elementor-widget-container\">\n\t\t\t\t\t\t\t<div class=\"elementor-shortcode\"><div style=\"text-align: center;\"><iframe src=\"https:\/\/easyverein.com\/public\/HWV\/applicationform?iframe=True\" style=\"border:none;width: 100%;min-height: 800px;\"><\/iframe><br><small><a href=\"https:\/\/easyverein.com\" style=\"text-decoration: none; color: #878787;\" title=\"Vereinsverwaltungssoftware easyVerein\">Vereinsverwaltung von easyVerein<\/a><\/small><\/div><\/div>\n\t\t\t\t\t\t<\/div>\n\t\t\t\t<\/div>\n\t\t\t\t\t<\/div>\n\t\t<\/div>\n\t\t\t\t\t<\/div>\n\t\t<\/section>\n\t\t\t\t<\/div>\n\t\t","protected":false},"excerpt":{"rendered":"<p>Vereinsverwaltung von easyVerein<\/p>\n","protected":false},"author":1,"featured_media":0,"parent":0,"menu_order":0,"comment_status":"closed","ping_status":"closed","template":"","meta":{"om_disable_all_campaigns":false,"_monsterinsights_skip_tracking":false,"_monsterinsights_sitenote_active":false,"_monsterinsights_sitenote_note":"","_monsterinsights_sitenote_category":0,"spay_email":"","footnotes":""},"class_list":["post-4665","page","type-page","status-publish","hentry"],"aioseo_notices":[],"jetpack-related-posts":[{"id":4668,"url":"https:\/\/highway-coffeeshop.com\/about\/login\/","url_meta":{"origin":4665,"position":0},"title":"Login","date":"August 26, 2021","format":false,"excerpt":"<div style=\"text-align: center;\"><iframe width=\"215\" height=\"215\" src=\"https:\/\/easyverein.com\/public\/HWV\/iframe?foreground=ffffff&background=23985d\" style=\"border:none;\"><\/iframe><br><small><a href=\"https:\/\/easyverein.com\" style=\"text-decoration: none; color: #878787;\" title=\"Vereinsverwaltungssoftware easyVerein\">Vereinsverwaltung von easyVerein<\/a><\/small><\/div>","rel":"","context":"Similar post","img":{"alt_text":"","src":"","width":0,"height":0},"classes":[]},{"id":4664,"url":"https:\/\/highway-coffeeshop.com\/about\/verein-highwalkers\/","url_meta":{"origin":4665,"position":1},"title":"Verein Highwalkers","date":"August 26, 2021","format":false,"excerpt":"Was uns von anderen Gesch\u00e4ften unterscheidet, ist unser exklusives Vereinslokal, welches nur Mitgliedern vorbehalten ist. Hier k\u00f6nnen Sie in einer gro\u00dfz\u00fcgigen Lounge in zwei Stockwerken entspannen, w\u00e4hrend Sie Ihre Lieblings-Cannabis-Produkte genie\u00dfen. Das gem\u00fctliche Ambiente bietet den perfekten Ort, um sich mit Freunden zu treffen oder einfach nur eine Auszeit vom\u2026","rel":"","context":"Similar post","img":{"alt_text":"","src":"https:\/\/i0.wp.com\/highway-coffeeshop.com\/wp-content\/uploads\/2021\/10\/Highwalkers-Verein-logo-1024x512.png?resize=350%2C200&ssl=1","width":350,"height":200},"classes":[]},{"id":96,"url":"https:\/\/highway-coffeeshop.com\/about\/","url_meta":{"origin":4665,"position":2},"title":"About","date":"June 18, 2018","format":false,"excerpt":"","rel":"","context":"Similar post","img":{"alt_text":"","src":"","width":0,"height":0},"classes":[]}],"_links":{"self":[{"href":"https:\/\/highway-coffeeshop.com\/about\/wp-json\/wp\/v2\/pages\/4665","targetHints":{"allow":["GET"]}}],"collection":[{"href":"https:\/\/highway-coffeeshop.com\/about\/wp-json\/wp\/v2\/pages"}],"about":[{"href":"https:\/\/highway-coffeeshop.com\/about\/wp-json\/wp\/v2\/types\/page"}],"author":[{"embeddable":true,"href":"https:\/\/highway-coffeeshop.com\/about\/wp-json\/wp\/v2\/users\/1"}],"replies":[{"embeddable":true,"href":"https:\/\/highway-coffeeshop.com\/about\/wp-json\/wp\/v2\/comments?post=4665"}],"version-history":[{"count":7,"href":"https:\/\/highway-coffeeshop.com\/about\/wp-json\/wp\/v2\/pages\/4665\/revisions"}],"predecessor-version":[{"id":4915,"href":"https:\/\/highway-coffeeshop.com\/about\/wp-json\/wp\/v2\/pages\/4665\/revisions\/4915"}],"wp:attachment":[{"href":"https:\/\/highway-coffeeshop.com\/about\/wp-json\/wp\/v2\/media?parent=4665"}],"curies":[{"name":"wp","href":"https:\/\/api.w.org\/{rel}","templated":true}]}}