{"id":96,"date":"2018-06-18T06:57:57","date_gmt":"2018-06-18T05:57:57","guid":{"rendered":"https:\/\/highway-coffeeshop.com\/about\/"},"modified":"2024-06-18T11:32:13","modified_gmt":"2024-06-18T10:32:13","slug":"about","status":"publish","type":"page","link":"https:\/\/highway-coffeeshop.com\/about\/","title":{"rendered":"About"},"content":{"rendered":"\t\t<div data-elementor-type=\"wp-page\" data-elementor-id=\"96\" class=\"elementor elementor-96\">\n\t\t\t\t\t\t<section class=\"elementor-section elementor-top-section elementor-element elementor-element-2566300b elementor-section-boxed elementor-section-height-default elementor-section-height-default\" data-id=\"2566300b\" data-element_type=\"section\">\n\t\t\t\t\t\t<div class=\"elementor-container elementor-column-gap-default\">\n\t\t\t\t\t<div class=\"elementor-column elementor-col-100 elementor-top-column elementor-element elementor-element-51dc5b90\" data-id=\"51dc5b90\" data-element_type=\"column\">\n\t\t\t<div class=\"elementor-widget-wrap elementor-element-populated\">\n\t\t\t\t\t\t<div class=\"elementor-element elementor-element-3d8ef6e elementor-widget elementor-widget-spacer\" data-id=\"3d8ef6e\" data-element_type=\"widget\" data-widget_type=\"spacer.default\">\n\t\t\t\t<div class=\"elementor-widget-container\">\n\t\t\t\t\t\t\t<div class=\"elementor-spacer\">\n\t\t\t<div class=\"elementor-spacer-inner\"><\/div>\n\t\t<\/div>\n\t\t\t\t\t\t<\/div>\n\t\t\t\t<\/div>\n\t\t\t\t<div class=\"elementor-element elementor-element-37598f24 elementor-widget elementor-widget-text-editor\" data-id=\"37598f24\" data-element_type=\"widget\" data-widget_type=\"text-editor.default\">\n\t\t\t\t<div class=\"elementor-widget-container\">\n\t\t\t\t\t\t\t\t\t<p><\/p>\n<p><style>\/*! elementor - v3.5.5 - 03-02-2022 *\/<br \/>.elementor-heading-title{padding:0;margin:0;line-height:1}.elementor-widget-heading .elementor-heading-title[class*=elementor-size-]>a{color:inherit;font-size:inherit;line-height:inherit}.elementor-widget-heading .elementor-heading-title.elementor-size-small{font-size:15px}.elementor-widget-heading .elementor-heading-title.elementor-size-medium{font-size:19px}.elementor-widget-heading .elementor-heading-title.elementor-size-large{font-size:29px}.elementor-widget-heading .elementor-heading-title.elementor-size-xl{font-size:39px}.elementor-widget-heading .elementor-heading-title.elementor-size-xxl{font-size:59px}<\/style>\n<\/p>\n<p><\/p>\n<p><\/p>\n<p><style>\/*! elementor - v3.5.5 - 03-02-2022 *\/<br \/>.elementor-widget-image{text-align:center}.elementor-widget-image a{display:inline-block}.elementor-widget-image a img[src$=\".svg\"]{width:48px}.elementor-widget-image img{vertical-align:middle;display:inline-block}<\/style>\n<\/p>\n<p><\/p>\n<p><\/p>\n<figure class=\"wp-block-image\"><img decoding=\"async\" src=\"https:\/\/i0.wp.com\/highway-coffeeshop.com\/wp-content\/uploads\/2021\/09\/png-clipart-a-piece-of-marijuana-leaves-in-kind-drug-thumbnail__1_-removebg-preview.png?ssl=1\" alt=\"\" data-recalc-dims=\"1\"><\/figure>\n<p><\/p>\n<p><\/p>\n<h2 class=\"wp-block-heading\">We are Highway.<\/h2>\n<p><\/p>\n<p><\/p>\n<p>Herzlich Willkommen im Highway-Coffeeshop in Basel, Schweiz!&nbsp;<\/p>\n<p><\/p>\n<p><\/p>\n<p>Wir sind stolz darauf, unsere Kunden seit 2018 mit hochwertigen Cannabis-Produkten zu versorgen und eine gem\u00fctliche Oase f\u00fcr alle Vereinsmitglieder anzubieten.&nbsp;<\/p>\n<p><\/p>\n<p><\/p>\n<p>Im Sortiment haben wir unter anderem CBD-Bl\u00fcten, CBD-\u00d6le, CBD-Haschisch, CBD-Moon-rocks und CBD-Vapes zu verkaufen. Alle unsere Produkte entsprechen den gesetzlichen Vorgaben und sind sorgf\u00e4ltig ausgew\u00e4hlt, um Ihnen das beste Erlebnis zu bieten.&nbsp;<\/p>\n<p><\/p>\n<p><\/p>\n<p>Diverse Raucherutensilien und Ausr\u00fcstung runden unser Angebot ab.&nbsp;<\/p>\n<p><\/p>\n<p><\/p>\n<p>Besuchen Sie unser Lokal in Basel und entdecken Sie die Welt von hochwertigen Cannabis-Produkten und einer lebendigen <a href=\"https:\/\/easyverein.com\/public\/HWV\/\">Vereinskultur<\/a>, die Kunst und Musik feiert.<\/p>\n<p><\/p>\n<p><\/p>\n<p>Wir freuen uns darauf, Sie bei uns begr\u00fc\u00dfen zu d\u00fcrfen und Ihnen ein au\u00dfergew\u00f6hnliches Einkaufs- und Unterhaltungserlebnis zu bieten. Auf viele weitere erfolgreiche Jahre zusammen<\/p>\n<p><\/p>\n<p><\/p>\n<figure class=\"wp-block-image\"><img decoding=\"async\" src=\"https:\/\/i0.wp.com\/highway-coffeeshop.com\/wp-content\/uploads\/2021\/08\/shop-front-1.jpg?resize=1024%2C901&#038;ssl=1\" alt=\"\" data-recalc-dims=\"1\"><\/figure>\n<p><\/p>\n<p><\/p>\n<p><style>\/*! elementor - v3.5.5 - 03-02-2022 *\/<br \/>.elementor-widget-image-carousel .swiper-container{position:static}.elementor-widget-image-carousel .swiper-container .swiper-slide figure{line-height:inherit}.elementor-widget-image-carousel .swiper-slide{text-align:center}.elementor-image-carousel-wrapper:not(.swiper-container-initialized) .swiper-slide{max-width:calc(100% \/ var(--e-image-carousel-slides-to-show, 3))}<\/style>\n<\/p>\n<p><\/p>\n<p><\/p>\n<figure class=\"wp-block-image\"><img decoding=\"async\" src=\"https:\/\/i0.wp.com\/highway-coffeeshop.com\/wp-content\/uploads\/elementor\/thumbs\/WhatsApp-Image-2020-04-23-at-07.14.18-3-pbvwn6pkj59oznb7vcs78jdbog0jvxf3k1z3bfh0js.jpeg?ssl=1\" alt=\"WhatsApp Image 2020-04-23 at 07.14.18\" data-recalc-dims=\"1\"><\/figure>\n<p><\/p>\n<p><\/p>\n<figure class=\"wp-block-image\"><img decoding=\"async\" src=\"https:\/\/i0.wp.com\/highway-coffeeshop.com\/wp-content\/uploads\/elementor\/thumbs\/WhatsApp-Image-2020-04-23-at-07.17.03-2-pbvwnberhbg4lp4e3wtc306mndddyexr8p8ipta1oo.jpeg?ssl=1\" alt=\"WhatsApp Image 2020-04-23 at 07.17.03\" data-recalc-dims=\"1\"><\/figure>\n<p><\/p>\n<p><\/p>\n<figure class=\"wp-block-image\"><img decoding=\"async\" src=\"https:\/\/i0.wp.com\/highway-coffeeshop.com\/wp-content\/uploads\/elementor\/thumbs\/WhatsApp-Image-2020-04-23-at-07.14.57-2-pbvwn8l8wtc9mv8hkdlgdiw8v7rabbmk8ba29ze87c.jpeg?ssl=1\" alt=\"WhatsApp Image 2020-04-23 at 07.14.57\" data-recalc-dims=\"1\"><\/figure>\n<p><\/p>\n<p><\/p>\n<figure class=\"wp-block-image\"><img decoding=\"async\" src=\"https:\/\/i0.wp.com\/highway-coffeeshop.com\/wp-content\/uploads\/elementor\/thumbs\/WhatsApp-Image-2020-04-23-at-07.14.18-1-1-pbvwn20dkz39dli1msr2e2k0pinptfwfvepnx1nzew.jpeg?ssl=1\" alt=\"WhatsApp Image 2020-04-23 at 07.14.18 (1)\" data-recalc-dims=\"1\"><\/figure>\n<p><\/p>\n<p><\/p>\n<h2 class=\"wp-block-heading\">Wir handeln mit diversen Qualit\u00e4tsprodukten!<\/h2>\n<p><\/p>\n<p><\/p>\n<figure class=\"wp-block-image\"><img decoding=\"async\" src=\"https:\/\/i0.wp.com\/highway-coffeeshop.com\/wp-content\/uploads\/2019\/07\/logo-leaf-new-1.png?ssl=1\" alt=\"\" data-recalc-dims=\"1\"><\/figure>\n<p><\/p>\n<p><\/p>\n<p><style>\/*! elementor - v3.5.5 - 03-02-2022 *\/<br \/>.elementor-widget.elementor-icon-list--layout-inline .elementor-widget-container{overflow:hidden}.elementor-widget .elementor-icon-list-items.elementor-inline-items{margin-right:-8px;margin-left:-8px}.elementor-widget .elementor-icon-list-items.elementor-inline-items .elementor-icon-list-item{margin-right:8px;margin-left:8px}.elementor-widget .elementor-icon-list-items.elementor-inline-items .elementor-icon-list-item:after{width:auto;left:auto;right:auto;position:relative;height:100%;border-top:0;border-bottom:0;border-right:0;border-left-width:1px;border-style:solid;right:-8px}.elementor-widget .elementor-icon-list-items{list-style-type:none;margin:0;padding:0}.elementor-widget .elementor-icon-list-item{margin:0;padding:0;position:relative}.elementor-widget .elementor-icon-list-item:after{position:absolute;bottom:0;width:100%}.elementor-widget .elementor-icon-list-item,.elementor-widget .elementor-icon-list-item a{display:-webkit-box;display:-ms-flexbox;display:flex;-webkit-box-align:center;-ms-flex-align:center;align-items:center;font-size:inherit}.elementor-widget .elementor-icon-list-icon+.elementor-icon-list-text{-ms-flex-item-align:center;align-self:center;padding-left:5px}.elementor-widget .elementor-icon-list-icon{display:-webkit-box;display:-ms-flexbox;display:flex}.elementor-widget .elementor-icon-list-icon svg{width:var(--e-icon-list-icon-size,1em);height:var(--e-icon-list-icon-size,1em)}.elementor-widget .elementor-icon-list-icon i{width:1.25em;font-size:var(--e-icon-list-icon-size)}.elementor-widget.elementor-widget-icon-list .elementor-icon-list-icon{text-align:var(--e-icon-list-icon-align)}.elementor-widget.elementor-widget-icon-list .elementor-icon-list-icon svg{margin:var(--e-icon-list-icon-margin,0 calc(var(--e-icon-list-icon-size, 1em) * .25) 0 0)}.elementor-widget.elementor-list-item-link-full_width a{width:100%}.elementor-widget.elementor-align-center .elementor-icon-list-item,.elementor-widget.elementor-align-center .elementor-icon-list-item a{-webkit-box-pack:center;-ms-flex-pack:center;justify-content:center}.elementor-widget.elementor-align-center .elementor-icon-list-item:after{margin:auto}.elementor-widget.elementor-align-center .elementor-inline-items{-webkit-box-pack:center;-ms-flex-pack:center;justify-content:center}.elementor-widget.elementor-align-left .elementor-icon-list-item,.elementor-widget.elementor-align-left .elementor-icon-list-item a{-webkit-box-pack:start;-ms-flex-pack:start;justify-content:flex-start;text-align:left}.elementor-widget.elementor-align-left .elementor-inline-items{-webkit-box-pack:start;-ms-flex-pack:start;justify-content:flex-start}.elementor-widget.elementor-align-right .elementor-icon-list-item,.elementor-widget.elementor-align-right .elementor-icon-list-item a{-webkit-box-pack:end;-ms-flex-pack:end;justify-content:flex-end;text-align:right}.elementor-widget.elementor-align-right .elementor-icon-list-items{-webkit-box-pack:end;-ms-flex-pack:end;justify-content:flex-end}.elementor-widget:not(.elementor-align-right) .elementor-icon-list-item:after{left:0}.elementor-widget:not(.elementor-align-left) .elementor-icon-list-item:after{right:0}@media (max-width:1024px){.elementor-widget.elementor-tablet-align-center .elementor-icon-list-item,.elementor-widget.elementor-tablet-align-center .elementor-icon-list-item a,.elementor-widget.elementor-tablet-align-center .elementor-icon-list-items{-webkit-box-pack:center;-ms-flex-pack:center;justify-content:center}.elementor-widget.elementor-tablet-align-center .elementor-icon-list-item:after{margin:auto}.elementor-widget.elementor-tablet-align-left .elementor-icon-list-items{-webkit-box-pack:start;-ms-flex-pack:start;justify-content:flex-start}.elementor-widget.elementor-tablet-align-left .elementor-icon-list-item,.elementor-widget.elementor-tablet-align-left .elementor-icon-list-item a{-webkit-box-pack:start;-ms-flex-pack:start;justify-content:flex-start;text-align:left}.elementor-widget.elementor-tablet-align-right .elementor-icon-list-items{-webkit-box-pack:end;-ms-flex-pack:end;justify-content:flex-end}.elementor-widget.elementor-tablet-align-right .elementor-icon-list-item,.elementor-widget.elementor-tablet-align-right .elementor-icon-list-item a{-webkit-box-pack:end;-ms-flex-pack:end;justify-content:flex-end;text-align:right}.elementor-widget:not(.elementor-tablet-align-right) .elementor-icon-list-item:after{left:0}.elementor-widget:not(.elementor-tablet-align-left) .elementor-icon-list-item:after{right:0}}@media (max-width:767px){.elementor-widget.elementor-mobile-align-center .elementor-icon-list-item,.elementor-widget.elementor-mobile-align-center .elementor-icon-list-item a,.elementor-widget.elementor-mobile-align-center .elementor-icon-list-items{-webkit-box-pack:center;-ms-flex-pack:center;justify-content:center}.elementor-widget.elementor-mobile-align-center .elementor-icon-list-item:after{margin:auto}.elementor-widget.elementor-mobile-align-left .elementor-icon-list-items{-webkit-box-pack:start;-ms-flex-pack:start;justify-content:flex-start}.elementor-widget.elementor-mobile-align-left .elementor-icon-list-item,.elementor-widget.elementor-mobile-align-left .elementor-icon-list-item a{-webkit-box-pack:start;-ms-flex-pack:start;justify-content:flex-start;text-align:left}.elementor-widget.elementor-mobile-align-right .elementor-icon-list-items{-webkit-box-pack:end;-ms-flex-pack:end;justify-content:flex-end}.elementor-widget.elementor-mobile-align-right .elementor-icon-list-item,.elementor-widget.elementor-mobile-align-right .elementor-icon-list-item a{-webkit-box-pack:end;-ms-flex-pack:end;justify-content:flex-end;text-align:right}.elementor-widget:not(.elementor-mobile-align-right) .elementor-icon-list-item:after{left:0}.elementor-widget:not(.elementor-mobile-align-left) .elementor-icon-list-item:after{right:0}}<\/style>\n<\/p>\n<p><\/p>\n<p><\/p>\n<ul class=\"wp-block-list\"><p><\/p>\n<li>CBD Cannabis<\/li>\n<p><\/p>\n<p><\/p>\n<li>CBD-\u00d6le<\/li>\n<p><\/p>\n<p><\/p>\n<li>Pre-rolled joints<\/li>\n<p><\/p>\n<\/ul>\n<p><\/p>\n<p><\/p>\n<ul class=\"wp-block-list\"><p><\/p>\n<li>Accessories<\/li>\n<p><\/p>\n<p><\/p>\n<li>Papers and Filter<\/li>\n<p><\/p>\n<p><\/p>\n<li>Blunt Wraps und mehr!<\/li>\n<p><\/p>\n<\/ul>\n<p><\/p>\n<p><\/p>\n<p><a role=\"button\" href=\"https:\/\/highway-coffeeshop.com\/shop-2\/\" target=\"_blank\" rel=\"noopener\"><br>Start Shopping<br><\/a><\/p>\n<p><\/p>\n<p><\/p>\n<p><style>\/*! elementor - v3.5.5 - 03-02-2022 *\/<br \/>.elementor-widget-social-icons.elementor-grid-0 .elementor-widget-container,.elementor-widget-social-icons.elementor-grid-mobile-0 .elementor-widget-container,.elementor-widget-social-icons.elementor-grid-tablet-0 .elementor-widget-container{line-height:1;font-size:0}.elementor-widget-social-icons:not(.elementor-grid-0):not(.elementor-grid-tablet-0):not(.elementor-grid-mobile-0) .elementor-grid{display:inline-grid}.elementor-widget-social-icons .elementor-grid{grid-column-gap:var(--grid-column-gap,5px);grid-row-gap:var(--grid-row-gap,5px);grid-template-columns:var(--grid-template-columns);-webkit-box-pack:var(--justify-content,center);-ms-flex-pack:var(--justify-content,center);justify-content:var(--justify-content,center);justify-items:var(--justify-content,center)}.elementor-icon.elementor-social-icon{font-size:var(--icon-size,25px);line-height:var(--icon-size,25px);width:calc(var(--icon-size, 25px) + (2 * var(--icon-padding, .5em)));height:calc(var(--icon-size, 25px) + (2 * var(--icon-padding, .5em)))}.elementor-social-icon{--e-social-icon-icon-color:#fff;display:-webkit-inline-box;display:-ms-inline-flexbox;display:inline-flex;background-color:#818a91;-webkit-box-align:center;-ms-flex-align:center;align-items:center;-webkit-box-pack:center;-ms-flex-pack:center;justify-content:center;text-align:center;cursor:pointer}.elementor-social-icon i{color:var(--e-social-icon-icon-color)}.elementor-social-icon svg{fill:var(--e-social-icon-icon-color)}.elementor-social-icon:last-child{margin:0}.elementor-social-icon:hover{opacity:.9;color:#fff}.elementor-social-icon-android{background-color:#a4c639}.elementor-social-icon-apple{background-color:#999}.elementor-social-icon-behance{background-color:#1769ff}.elementor-social-icon-bitbucket{background-color:#205081}.elementor-social-icon-codepen{background-color:#000}.elementor-social-icon-delicious{background-color:#39f}.elementor-social-icon-deviantart{background-color:#05cc47}.elementor-social-icon-digg{background-color:#005be2}.elementor-social-icon-dribbble{background-color:#ea4c89}.elementor-social-icon-elementor{background-color:#d30c5c}.elementor-social-icon-envelope{background-color:#ea4335}.elementor-social-icon-facebook,.elementor-social-icon-facebook-f{background-color:#3b5998}.elementor-social-icon-flickr{background-color:#0063dc}.elementor-social-icon-foursquare{background-color:#2d5be3}.elementor-social-icon-free-code-camp,.elementor-social-icon-freecodecamp{background-color:#006400}.elementor-social-icon-github{background-color:#333}.elementor-social-icon-gitlab{background-color:#e24329}.elementor-social-icon-globe{background-color:#818a91}.elementor-social-icon-google-plus,.elementor-social-icon-google-plus-g{background-color:#dd4b39}.elementor-social-icon-houzz{background-color:#7ac142}.elementor-social-icon-instagram{background-color:#262626}.elementor-social-icon-jsfiddle{background-color:#487aa2}.elementor-social-icon-link{background-color:#818a91}.elementor-social-icon-linkedin,.elementor-social-icon-linkedin-in{background-color:#0077b5}.elementor-social-icon-medium{background-color:#00ab6b}.elementor-social-icon-meetup{background-color:#ec1c40}.elementor-social-icon-mixcloud{background-color:#273a4b}.elementor-social-icon-odnoklassniki{background-color:#f4731c}.elementor-social-icon-pinterest{background-color:#bd081c}.elementor-social-icon-product-hunt{background-color:#da552f}.elementor-social-icon-reddit{background-color:#ff4500}.elementor-social-icon-rss{background-color:#f26522}.elementor-social-icon-shopping-cart{background-color:#4caf50}.elementor-social-icon-skype{background-color:#00aff0}.elementor-social-icon-slideshare{background-color:#0077b5}.elementor-social-icon-snapchat{background-color:#fffc00}.elementor-social-icon-soundcloud{background-color:#f80}.elementor-social-icon-spotify{background-color:#2ebd59}.elementor-social-icon-stack-overflow{background-color:#fe7a15}.elementor-social-icon-steam{background-color:#00adee}.elementor-social-icon-stumbleupon{background-color:#eb4924}.elementor-social-icon-telegram{background-color:#2ca5e0}.elementor-social-icon-thumb-tack{background-color:#1aa1d8}.elementor-social-icon-tripadvisor{background-color:#589442}.elementor-social-icon-tumblr{background-color:#35465c}.elementor-social-icon-twitch{background-color:#6441a5}.elementor-social-icon-twitter{background-color:#1da1f2}.elementor-social-icon-viber{background-color:#665cac}.elementor-social-icon-vimeo{background-color:#1ab7ea}.elementor-social-icon-vk{background-color:#45668e}.elementor-social-icon-weibo{background-color:#dd2430}.elementor-social-icon-weixin{background-color:#31a918}.elementor-social-icon-whatsapp{background-color:#25d366}.elementor-social-icon-wordpress{background-color:#21759b}.elementor-social-icon-xing{background-color:#026466}.elementor-social-icon-yelp{background-color:#af0606}.elementor-social-icon-youtube{background-color:#cd201f}.elementor-social-icon-500px{background-color:#0099e5}.elementor-shape-rounded .elementor-icon.elementor-social-icon{-webkit-border-radius:10%;border-radius:10%}.elementor-shape-circle .elementor-icon.elementor-social-icon{-webkit-border-radius:50%;border-radius:50%}<\/style>\n<\/p>\n<p><\/p>\n<p><\/p>\n<p><a href=\"https:\/\/www.facebook.com\/HighwayCoffeeshop\" target=\"_blank\" rel=\"noopener\"><br>Facebook<br><\/a><br><a href=\"https:\/\/www.instagram.com\/highwaycoffeeshop\/\" target=\"_blank\" rel=\"noopener\"><br>Instagram<br><\/a><br><a href=\"https:\/\/www.tiktok.com\/@highwaycoffeeshop?lang=en\" target=\"_blank\" rel=\"noopener\"><br>Tiktokir diverse<br><\/a><\/p>\n<p><\/p>\t\t\t\t\t\t\t\t<\/div>\n\t\t\t\t<\/div>\n\t\t\t\t\t<\/div>\n\t\t<\/div>\n\t\t\t\t\t<\/div>\n\t\t<\/section>\n\t\t\t\t<section class=\"elementor-section elementor-top-section elementor-element elementor-element-2cbd2de elementor-section-boxed elementor-section-height-default elementor-section-height-default\" data-id=\"2cbd2de\" data-element_type=\"section\">\n\t\t\t\t\t\t<div class=\"elementor-container elementor-column-gap-default\">\n\t\t\t\t\t<div class=\"elementor-column elementor-col-100 elementor-top-column elementor-element elementor-element-74256c0\" data-id=\"74256c0\" data-element_type=\"column\">\n\t\t\t<div class=\"elementor-widget-wrap elementor-element-populated\">\n\t\t\t\t\t\t<div class=\"elementor-element elementor-element-3e1368a elementor-widget elementor-widget-spacer\" data-id=\"3e1368a\" data-element_type=\"widget\" data-widget_type=\"spacer.default\">\n\t\t\t\t<div class=\"elementor-widget-container\">\n\t\t\t\t\t\t\t<div class=\"elementor-spacer\">\n\t\t\t<div class=\"elementor-spacer-inner\"><\/div>\n\t\t<\/div>\n\t\t\t\t\t\t<\/div>\n\t\t\t\t<\/div>\n\t\t\t\t\t<\/div>\n\t\t<\/div>\n\t\t\t\t\t<\/div>\n\t\t<\/section>\n\t\t\t\t<\/div>\n\t\t","protected":false},"excerpt":{"rendered":"<p>We are Highway. Herzlich Willkommen im Highway-Coffeeshop in Basel, Schweiz!&nbsp; Wir sind stolz darauf, unsere Kunden seit 2018 mit hochwertigen Cannabis-Produkten zu versorgen und eine gem\u00fctliche Oase f\u00fcr alle Vereinsmitglieder anzubieten.&nbsp; Im Sortiment haben wir unter anderem CBD-Bl\u00fcten, CBD-\u00d6le, CBD-Haschisch, CBD-Moon-rocks und CBD-Vapes zu verkaufen. Alle unsere Produkte entsprechen den gesetzlichen Vorgaben und sind sorgf\u00e4ltig &hellip;<\/p>\n<p class=\"read-more\"> <a class=\"\" href=\"https:\/\/highway-coffeeshop.com\/about\/\"> <span class=\"screen-reader-text\">About<\/span> Read More &raquo;<\/a><\/p>\n","protected":false},"author":1,"featured_media":0,"parent":0,"menu_order":0,"comment_status":"closed","ping_status":"closed","template":"","meta":{"om_disable_all_campaigns":false,"_monsterinsights_skip_tracking":false,"_monsterinsights_sitenote_active":false,"_monsterinsights_sitenote_note":"","_monsterinsights_sitenote_category":0,"spay_email":"","footnotes":""},"class_list":["post-96","page","type-page","status-publish","hentry"],"aioseo_notices":[],"jetpack-related-posts":[{"id":95,"url":"https:\/\/highway-coffeeshop.com\/about\/home\/","url_meta":{"origin":96,"position":0},"title":"Home","date":"June 18, 2018","format":false,"excerpt":"","rel":"","context":"Similar post","img":{"alt_text":"","src":"https:\/\/i0.wp.com\/highway-coffeeshop.com\/wp-content\/uploads\/2021\/09\/ZIGGI_FINAL.jpg?resize=350%2C200&ssl=1","width":350,"height":200},"classes":[]},{"id":4268,"url":"https:\/\/highway-coffeeshop.com\/about\/contact\/","url_meta":{"origin":96,"position":1},"title":"Contact","date":"June 18, 2018","format":false,"excerpt":"","rel":"","context":"Similar post","img":{"alt_text":"","src":"https:\/\/i0.wp.com\/highway-coffeeshop.com\/wp-content\/uploads\/2021\/09\/png-clipart-a-piece-of-marijuana-leaves-in-kind-drug-thumbnail__1_-removebg-preview.png?resize=350%2C200&ssl=1","width":350,"height":200},"classes":[]},{"id":4664,"url":"https:\/\/highway-coffeeshop.com\/about\/verein-highwalkers\/","url_meta":{"origin":96,"position":2},"title":"Verein Highwalkers","date":"August 26, 2021","format":false,"excerpt":"Was uns von anderen Gesch\u00e4ften unterscheidet, ist unser exklusives Vereinslokal, welches nur Mitgliedern vorbehalten ist. Hier k\u00f6nnen Sie in einer gro\u00dfz\u00fcgigen Lounge in zwei Stockwerken entspannen, w\u00e4hrend Sie Ihre Lieblings-Cannabis-Produkte genie\u00dfen. Das gem\u00fctliche Ambiente bietet den perfekten Ort, um sich mit Freunden zu treffen oder einfach nur eine Auszeit vom\u2026","rel":"","context":"Similar post","img":{"alt_text":"","src":"https:\/\/i0.wp.com\/highway-coffeeshop.com\/wp-content\/uploads\/2021\/10\/Highwalkers-Verein-logo-1024x512.png?resize=350%2C200&ssl=1","width":350,"height":200},"classes":[]},{"id":4668,"url":"https:\/\/highway-coffeeshop.com\/about\/login\/","url_meta":{"origin":96,"position":3},"title":"Login","date":"August 26, 2021","format":false,"excerpt":"<div style=\"text-align: center;\"><iframe width=\"215\" height=\"215\" src=\"https:\/\/easyverein.com\/public\/HWV\/iframe?foreground=ffffff&background=23985d\" style=\"border:none;\"><\/iframe><br><small><a href=\"https:\/\/easyverein.com\" style=\"text-decoration: none; color: #878787;\" title=\"Vereinsverwaltungssoftware easyVerein\">Vereinsverwaltung von easyVerein<\/a><\/small><\/div>","rel":"","context":"Similar post","img":{"alt_text":"","src":"","width":0,"height":0},"classes":[]}],"_links":{"self":[{"href":"https:\/\/highway-coffeeshop.com\/about\/wp-json\/wp\/v2\/pages\/96","targetHints":{"allow":["GET"]}}],"collection":[{"href":"https:\/\/highway-coffeeshop.com\/about\/wp-json\/wp\/v2\/pages"}],"about":[{"href":"https:\/\/highway-coffeeshop.com\/about\/wp-json\/wp\/v2\/types\/page"}],"author":[{"embeddable":true,"href":"https:\/\/highway-coffeeshop.com\/about\/wp-json\/wp\/v2\/users\/1"}],"replies":[{"embeddable":true,"href":"https:\/\/highway-coffeeshop.com\/about\/wp-json\/wp\/v2\/comments?post=96"}],"version-history":[{"count":79,"href":"https:\/\/highway-coffeeshop.com\/about\/wp-json\/wp\/v2\/pages\/96\/revisions"}],"predecessor-version":[{"id":5319,"href":"https:\/\/highway-coffeeshop.com\/about\/wp-json\/wp\/v2\/pages\/96\/revisions\/5319"}],"wp:attachment":[{"href":"https:\/\/highway-coffeeshop.com\/about\/wp-json\/wp\/v2\/media?parent=96"}],"curies":[{"name":"wp","href":"https:\/\/api.w.org\/{rel}","templated":true}]}}