{"id":4418,"date":"2021-08-22T22:57:28","date_gmt":"2021-08-22T21:57:28","guid":{"rendered":"https:\/\/highway-coffeeshop.com\/?post_type=product&#038;p=4418"},"modified":"2023-02-09T11:53:40","modified_gmt":"2023-02-09T10:53:40","slug":"purize-xtra-slim-size-50pcs-green","status":"publish","type":"product","link":"https:\/\/highway-coffeeshop.com\/about\/product\/purize-xtra-slim-size-50pcs-green\/","title":{"rendered":"PURIZE -xtra-slim-size- 50pcs green"},"content":{"rendered":"<p>Verpackung: wiederverschliessbare Vorratspackung<br \/>\nDie PURIZE\u00ae Aktivkohlefiler erm\u00f6glichen ein\u00a0k\u00fchles, trockenes und aromatisches Raucherlebnis,\u00a0welche deine Lunge schont!<br \/>\nDa beide Endkappen aus Keramik bestehen, gibt es\u00a0keine Einsteck- oder Eindrehrichtung\u00a0zu beachten.<br \/>\nPURIZE\u00ae Filter eignen sich f\u00fcr alle Arten von Selbstgedrehten.<br \/>\nSolltest Du Filter f\u00fcr\u00a0extra starken Durchzug\u00a0und ordentlich Drehmaterial bevorzugen, findest du bei Goodvibe auch die PURIZE\u00ae\u00a0Regular Size\u00a0Aktivkohlefilter.<br \/>\nDie hochwertige Aktivkohle auf Kokosnuss- Basis wird aus umweltbewussten Rohstoffen nachhaltig in Deutschland produziert.<br \/>\nGood to know:\u00a0Aktivkohle, auch medizinische Kohle (lat. Carbo medicinalis) genannt, ist por\u00f6ser, feink\u00f6rniger Kohlenstoff mit gro\u00dfer innerer Oberfl\u00e4che. Das Adsorptionsmittel wird unter anderem in Chemie, Medizin, Trinkwasseraufbereitung, Abwasserbehandlung sowie L\u00fcftungs- und Klimatechnik eingesetzt.<\/p>\n<p>Picture: purize-xtra-slim-size-50-green-gru\u0308n-kaufen-schweiz-1-600&#215;600.jpg<br \/>\nLabel: PURIZE -xtra-slim-size-50pcs-green<br \/>\nPrice: 10 CHF<br \/>\nDescription: Super Skinny und dennoch Super Stark \u2013 die hochwertigen PURIZE\u00ae Aktivkohlefilter X-Slim Size in trendigen Farben f\u00fcr ein schonendes Raucherlebnis.<br \/>\nEigenschaften:<br \/>\nInhalt: 50x gr\u00fcne Xtra Slim Size Aktivkohlefilter von PURIZE\u00ae<br \/>\nMasse: \u00f8 5,9 mm x 26.9mm<br \/>\nF\u00fcllung: Aktivkohle auf Kokosnussbasis<br \/>\nVerpackung: wiederverschliessbare Vorratspackung<br \/>\nDie PURIZE\u00ae Aktivkohlefiler erm\u00f6glichen ein\u00a0k\u00fchles, trockenes und aromatisches Raucherlebnis, welche deine Lunge schont!<br \/>\nDa beide Endkappen aus Keramik bestehen, gibt es\u00a0keine Einsteck- oder Eindrehrichtung\u00a0zu beachten.<br \/>\nPURIZE\u00ae Filter eignen sich f\u00fcr alle Arten von Selbstgedrehten.<br \/>\nSolltest Du Filter f\u00fcr\u00a0extra starken Durchzug\u00a0und ordentlich Drehmaterial bevorzugen, findest du bei Goodvibe auch die PURIZE\u00ae\u00a0Regular Size\u00a0Aktivkohlefilter.<br \/>\nDie hochwertige Aktivkohle auf Kokosnuss- Basis wird aus umweltbewussten Rohstoffen nachhaltig in Deutschland produziert.<br \/>\nGood to know:\u00a0Aktivkohle, auch medizinische Kohle (lat. Carbo medicinalis) genannt, ist por\u00f6ser, feink\u00f6rniger Kohlenstoff mit gro\u00dfer innerer Oberfl\u00e4che. Das Adsorptionsmittel wird unter anderem in Chemie, Medizin, Trinkwasseraufbereitung, Abwasserbehandlung sowie L\u00fcftungs- und Klimatechnik eingesetzt.<\/p>\n","protected":false},"excerpt":{"rendered":"<p>: Super Skinny und dennoch Super Stark \u2013 die hochwertigen PURIZE\u00ae Aktivkohlefilter X-Slim Size in trendigen Farben f\u00fcr ein schonendes Raucherlebnis.<br \/>\nEigenschaften:<br \/>\nInhalt: 100x weisse \u00a0Xtra Slim Size Aktivkohlefilter von PURIZE\u00ae<br \/>\nMasse: \u00f8 5,9 mm x 26.9mm<br \/>\nF\u00fcllung: Aktivkohle auf Kokosnussbasis<\/p>\n","protected":false},"featured_media":4566,"comment_status":"open","ping_status":"closed","template":"","meta":{"om_disable_all_campaigns":false,"_monsterinsights_skip_tracking":false,"_monsterinsights_sitenote_active":false,"_monsterinsights_sitenote_note":"","_monsterinsights_sitenote_category":0,"spay_email":""},"product_cat":[21],"product_tag":[],"class_list":["post-4418","product","type-product","status-publish","has-post-thumbnail","hentry","product_cat-papes-und-filters"],"aioseo_notices":[],"jetpack-related-posts":[{"id":4417,"url":"https:\/\/highway-coffeeshop.com\/about\/product\/purize-250-xtra-slim-activated-carbon-filters-green\/","url_meta":{"origin":4418,"position":0},"title":"PURIZE 250 Xtra Slim activated carbon filters Green","date":"August 22, 2021","format":false,"excerpt":"Description: Nice, super nize, PURIZE\u00ae. Die farbigen Aktivkohlefilter pr\u00e4sentieren sich super nize im wiederverschliessbaren und stabilen Standbodenbeutel. Eigenschaften: Inhalt: 250x gr\u00fcne Xtra Slim Size Aktivkohlefilter von PURIZE\u00ae Masse: \u00f8 5,9 mm x 26.9mm F\u00fcllung: Aktivkohle auf Kokosnussbasis","rel":"","context":"Similar post","img":{"alt_text":"","src":"https:\/\/i0.wp.com\/highway-coffeeshop.com\/wp-content\/uploads\/2021\/08\/PURIZE-250-Xtra-Slim-Aktivkohlefilter-Gru\u0308n-kaufen-schweiz-600x600-1.jpg?fit=600%2C600&ssl=1&resize=350%2C200","width":350,"height":200},"classes":[]},{"id":5147,"url":"https:\/\/highway-coffeeshop.com\/about\/product\/moonrocks-tutti-frutti\/","url_meta":{"origin":4418,"position":1},"title":"Moonrocks Tutti Frutti","date":"February 13, 2023","format":false,"excerpt":"besteht aus CBD-Bl\u00fcte+CBD-\u00d6l und CBD\/CBG-Pollinat bis zu 25% Cannabinoid-Gehalt dieses CBD-Produkt enth\u00e4lt zus\u00e4tzlich bis zu 10% CBG fruchtiger Geschmack, Terpene-Kombination aus Strawberry, Mango und Lemon.\u00a0 \u00a0 \u00a0 \u00a0 \u00a0 \u00a0 F\u00fcr Genusskonsum und Entspannung","rel":"","context":"Similar post","img":{"alt_text":"","src":"https:\/\/i0.wp.com\/highway-coffeeshop.com\/wp-content\/uploads\/2023\/02\/Bild.png?fit=922%2C1200&ssl=1&resize=350%2C200","width":350,"height":200},"classes":[]},{"id":4414,"url":"https:\/\/highway-coffeeshop.com\/about\/product\/4-layers-grinder-black\/","url_meta":{"origin":4418,"position":2},"title":"4-layers Grinder black","date":"August 22, 2021","format":false,"excerpt":"CNC gefr\u00e4ster Grinder in dunklem schwarz. Ein absoluter Topgrinder da durch die Genauigkeit der Z\u00e4hne das Wunschmaterial sehr fein wird. Aluminium eloxiert. Sehr langlebiger Grinder! Der Grinder ist 4-Teilig mit Pollensieb. Durchmesser 55mm H\u00f6he ca. 50mm Material: Matt","rel":"","context":"Similar post","img":{"alt_text":"","src":"https:\/\/i0.wp.com\/highway-coffeeshop.com\/wp-content\/uploads\/2021\/08\/cnc-grinder-schwarz-4-teilig-matt-1.jpg?fit=800%2C800&ssl=1&resize=350%2C200","width":350,"height":200},"classes":[]},{"id":4422,"url":"https:\/\/highway-coffeeshop.com\/about\/product\/grinder-4-layers-blue\/","url_meta":{"origin":4418,"position":3},"title":"Grinder 4-layers blue","date":"August 22, 2021","format":false,"excerpt":"CNC gefr\u00e4ster Grinder in hellem blau. Ein absoluter Topgrinder da durch die Genauigkeit der Z\u00e4hne das Wunschmaterial sehr fein wird. Aluminium eloxiert. Sehr langlebiger Grinder! Der Grinder ist 4-Teilig mit Pollensieb. Durchmesser 55mm H\u00f6he ca. 50mm Material: Matt","rel":"","context":"Similar post","img":{"alt_text":"","src":"https:\/\/i0.wp.com\/highway-coffeeshop.com\/wp-content\/uploads\/2021\/08\/cnc-grinder-blau-4-teilig-matt-1.jpg?fit=800%2C800&ssl=1&resize=350%2C200","width":350,"height":200},"classes":[]},{"id":241,"url":"https:\/\/highway-coffeeshop.com\/about\/product\/highway-papes-mit-filter-ultra-thin-urs-wide\/","url_meta":{"origin":4418,"position":4},"title":"Highway Papes mit Filter ULTRA THIN \/ URS \/ WIDE","date":"June 20, 2018","format":false,"excerpt":"32x Papes \u00e0 110x53mm 32x Filter \u00e0 55x25mm","rel":"","context":"With 1 comment","img":{"alt_text":"","src":"https:\/\/i0.wp.com\/highway-coffeeshop.com\/wp-content\/uploads\/2021\/08\/03_HW_Papes_mit_Filter-scaled.jpg?fit=1200%2C675&ssl=1&resize=350%2C200","width":350,"height":200},"classes":[]},{"id":4393,"url":"https:\/\/highway-coffeeshop.com\/about\/product\/ziggi-ultra-thin-rolling-papers-slim\/","url_meta":{"origin":4418,"position":5},"title":"Ziggi Ultra Thin Rolling Papers Slim","date":"August 22, 2021","format":false,"excerpt":"32x Papes \u00e0 110x44mm 32x Filter \u00e0 55x25mm","rel":"","context":"Similar post","img":{"alt_text":"","src":"https:\/\/i0.wp.com\/highway-coffeeshop.com\/wp-content\/uploads\/2021\/08\/09_Ziggi_Ultra_Thin_Rolling_Papers_SLIM-scaled.jpg?fit=1200%2C675&ssl=1&resize=350%2C200","width":350,"height":200},"classes":[]}],"_links":{"self":[{"href":"https:\/\/highway-coffeeshop.com\/about\/wp-json\/wp\/v2\/product\/4418","targetHints":{"allow":["GET"]}}],"collection":[{"href":"https:\/\/highway-coffeeshop.com\/about\/wp-json\/wp\/v2\/product"}],"about":[{"href":"https:\/\/highway-coffeeshop.com\/about\/wp-json\/wp\/v2\/types\/product"}],"replies":[{"embeddable":true,"href":"https:\/\/highway-coffeeshop.com\/about\/wp-json\/wp\/v2\/comments?post=4418"}],"wp:featuredmedia":[{"embeddable":true,"href":"https:\/\/highway-coffeeshop.com\/about\/wp-json\/wp\/v2\/media\/4566"}],"wp:attachment":[{"href":"https:\/\/highway-coffeeshop.com\/about\/wp-json\/wp\/v2\/media?parent=4418"}],"wp:term":[{"taxonomy":"product_cat","embeddable":true,"href":"https:\/\/highway-coffeeshop.com\/about\/wp-json\/wp\/v2\/product_cat?post=4418"},{"taxonomy":"product_tag","embeddable":true,"href":"https:\/\/highway-coffeeshop.com\/about\/wp-json\/wp\/v2\/product_tag?post=4418"}],"curies":[{"name":"wp","href":"https:\/\/api.w.org\/{rel}","templated":true}]}}